{"id":836,"date":"2018-09-18T16:46:09","date_gmt":"2018-09-18T19:46:09","guid":{"rendered":"https:\/\/isfd1-mis.infd.edu.ar\/sitio\/?page_id=836"},"modified":"2018-09-18T16:46:09","modified_gmt":"2018-09-18T19:46:09","slug":"viaje-de-estudios-a-escuela-de-robotica","status":"publish","type":"page","link":"https:\/\/isfd1-mis.infd.edu.ar\/sitio\/viaje-de-estudios-a-escuela-de-robotica\/","title":{"rendered":"Viaje de estudios a Escuela de Rob\u00f3tica"},"content":{"rendered":"<p><time class=\"entry-date published\" datetime=\"2018-09-18T16:09:53+00:00\">18 septiembre, 2018<\/time><\/p>\n<p>El d\u00eda 29 de Octubre del corriente a\u00f1o, quince alumnos seleccionados de entre la matr\u00edcula de las carreras de Profesorado de Nivel Inicial, Profesorado de Ense\u00f1anza Primaria y Preceptor \u2013 Asistente T\u00e9cnico Docente viajaron a la Escuela de Rob\u00f3tica a participar de un taller introductorio a la programaci\u00f3n de dispositivos.<\/p>\n<p>Durante la experiencia armaron y programaron un sensor de proximidad con un microprocesador Arduino y una placa que detecta objetos por ultrasonido.<br \/>\nAdem\u00e1s, pudieron observar una impresi\u00f3n 3D de partes que utilizar\u00edan los alumnos de los talleres Kids.<\/p>\n<p><img decoding=\"async\" loading=\"lazy\" class=\"alignnone size-medium wp-image-839\" src=\"https:\/\/isfd1-mis.infd.edu.ar\/sitio\/wp-content\/uploads\/2018\/09\/vIAJErOBOTICA-1000x563.jpg\" alt=\"\" width=\"1000\" height=\"563\" srcset=\"https:\/\/isfd1-mis.infd.edu.ar\/sitio\/wp-content\/uploads\/2018\/09\/vIAJErOBOTICA-1000x563.jpg 1000w, https:\/\/isfd1-mis.infd.edu.ar\/sitio\/wp-content\/uploads\/2018\/09\/vIAJErOBOTICA-768x432.jpg 768w, https:\/\/isfd1-mis.infd.edu.ar\/sitio\/wp-content\/uploads\/2018\/09\/vIAJErOBOTICA-1900x1069.jpg 1900w\" sizes=\"(max-width: 1000px) 100vw, 1000px\" \/><\/p>\n","protected":false},"excerpt":{"rendered":"<p>18 septiembre, 2018 El d\u00eda 29 de Octubre del corriente a\u00f1o, quince alumnos seleccionados de entre la matr\u00edcula de las carreras de Profesorado de Nivel Inicial, Profesorado de Ense\u00f1anza Primaria y Preceptor \u2013 Asistente T\u00e9cnico Docente viajaron a la Escuela de Rob\u00f3tica a participar de un taller introductorio a la programaci\u00f3n de dispositivos. Durante la &#8230; <a title=\"Viaje de estudios a Escuela de Rob\u00f3tica\" class=\"read-more\" href=\"https:\/\/isfd1-mis.infd.edu.ar\/sitio\/viaje-de-estudios-a-escuela-de-robotica\/\" aria-label=\"More on Viaje de estudios a Escuela de Rob\u00f3tica\">[+]<\/a><\/p>\n","protected":false},"author":957,"featured_media":0,"parent":0,"menu_order":0,"comment_status":"closed","ping_status":"closed","template":"","meta":[],"acf":[],"_links":{"self":[{"href":"https:\/\/isfd1-mis.infd.edu.ar\/sitio\/wp-json\/wp\/v2\/pages\/836"}],"collection":[{"href":"https:\/\/isfd1-mis.infd.edu.ar\/sitio\/wp-json\/wp\/v2\/pages"}],"about":[{"href":"https:\/\/isfd1-mis.infd.edu.ar\/sitio\/wp-json\/wp\/v2\/types\/page"}],"author":[{"embeddable":true,"href":"https:\/\/isfd1-mis.infd.edu.ar\/sitio\/wp-json\/wp\/v2\/users\/957"}],"replies":[{"embeddable":true,"href":"https:\/\/isfd1-mis.infd.edu.ar\/sitio\/wp-json\/wp\/v2\/comments?post=836"}],"version-history":[{"count":1,"href":"https:\/\/isfd1-mis.infd.edu.ar\/sitio\/wp-json\/wp\/v2\/pages\/836\/revisions"}],"predecessor-version":[{"id":840,"href":"https:\/\/isfd1-mis.infd.edu.ar\/sitio\/wp-json\/wp\/v2\/pages\/836\/revisions\/840"}],"wp:attachment":[{"href":"https:\/\/isfd1-mis.infd.edu.ar\/sitio\/wp-json\/wp\/v2\/media?parent=836"}],"curies":[{"name":"wp","href":"https:\/\/api.w.org\/{rel}","templated":true}]}}